{"id":13,"date":"2020-06-10T10:06:52","date_gmt":"2020-06-10T08:06:52","guid":{"rendered":"http:\/\/balterno-production.fr\/?page_id=13"},"modified":"2023-08-24T15:29:23","modified_gmt":"2023-08-24T13:29:23","slug":"une-section-de-page-daccueil","status":"publish","type":"page","link":"https:\/\/balterno-production.fr\/?page_id=13","title":{"rendered":"Qui sommes-nous ?"},"content":{"rendered":"\n<div class=\"wp-block-group\"><div class=\"wp-block-group__inner-container is-layout-flow wp-block-group-is-layout-flow\">\n<div style=\"height: 250px; width: 650px; overflow: auto;\">\n<div class=\"_39k2\">\n<div id=\"js_aq\" class=\"_4lmk _2vxa autofocus _5s6c\" tabindex=\"-1\">BALTERNO PRODUCTION<\/div>\n<div class=\"_2yud clearfix\">\n<div class=\"_ohe lfloat\">\u00a0<\/div>\n<div class=\"\">\n<div class=\"_42ef _8u\">\n<div class=\"_3uhg\">\u00a0<\/div>\n<\/div>\n<\/div>\n<\/div>\n<\/div>\n<div class=\"_39k5 _5s6c\">\n<div>\n<div class=\"_2cuy _3dgx _2vxa\"><span class=\"_4yxo\">\u00c9V\u00c8NEMENTS CULTURELS FESTIFS &#8211; B\u00e8gles et Bordeaux M\u00e9tropole<\/span><\/div>\n<div>\u00a0<\/div>\n<div class=\"_2cuy _3dgx _2vxa\">L\u2019association Alphonse Prod, organisatrice du festival Balterno!, des bals Foutrack Deluxe et de nombreux \u00e9v\u00e8nements musicaux \u00e0 Bordeaux et B\u00e8gles ces derni\u00e8res ann\u00e9es devient BALTERNO! PRODUCTION<\/div>\n<div>\u00a0<\/div>\n<div class=\"_2cuy _3dgx _2vxa\">M\u00eame \u00e9quipe, m\u00eames objectifs, Balterno! Production reprend le nom du festival principal de la structure pour rendre plus facilement visible l\u2019ensemble des projets de cette \u00e9quipe de passionn\u00e9.e.s. A l\u2019origine diffuseur de spectacle en musiques actuelles depuis 2008 et ponctuellement producteur de soir\u00e9es concerts, Alphonse Prod s\u2019\u00e9tait peu \u00e0 peu sp\u00e9cialis\u00e9 dans la production d\u2019\u00e9v\u00e8nements culturels festifs en collaboration avec le projet Foutrack Deluxe et de sa caravane Sound System, depuis 2015.<\/div>\n<div>\u00a0<\/div>\n<div class=\"_2cuy _3dgx _2vxa\">C\u2019est d\u00e9sormais sous le nom de BALTERNO! PRODUCTION que seront produits les futurs projets, qui \u00e0 l\u2019heure actuelle sont:<\/div>\n<div>\u00a0<\/div>\n<ul class=\"_5a_q _5yj1\" dir=\"ltr\">\n<li class=\"_2cuy _509q _2vxa\">Le Festival BALTERNO! \u00e0 B\u00e8gles \u2013 Parc de Mussonville en juillet<\/li>\n<li class=\"_2cuy _509q _2vxa\">Ses d\u00e9clinaisons en petits formats ( Nano Balterno!, Micro Balterno! ) tout au long de l\u2019ann\u00e9e, en salle ou en plein air<\/li>\n<li class=\"_2cuy _509q _2vxa\">Le bal des Archives aux Archives de Bordeaux M\u00e9tropole, dans le cadre des journ\u00e9es du Patrimoine en septembre<\/li>\n<li class=\"_2cuy _509q _2vxa\">les bals quais Deschamps \u00e0 Bordeaux Bastide<\/li>\n<li class=\"_2cuy _509q _2vxa\">Et les futurs projets qui ne manqueront pas d\u2019\u00e9clore dans les prochaines ann\u00e9es!<\/li>\n<\/ul>\n<div class=\"_2cuy _3dgx _2vxa\">A la crois\u00e9e des chemins entre le bal, les festivals et la culture sound-system, Balterno! Production propose des programmations \u00e9clectiques qui vont du rock \u00e0 l\u2019\u00e9lectro en passant par le hip-hop, le dub et les hybridations diverses, avec comme d\u00e9nominateurs communs : la f\u00eate, la danse et la mixit\u00e9! Avec une attention particuli\u00e8re port\u00e9e \u00e0 la sc\u00e9nographie, et une certaine dose de pluridisciplinarit\u00e9 (expos, mapping, th\u00e9\u00e2tre d\u2019improvisation\u2026) nos \u00e9v\u00e8nements se veulent une v\u00e9ritable exp\u00e9rience immersive \u00e0 taille humaine, ancr\u00e9s dans l\u2019histoire et la r\u00e9alit\u00e9 de leur territoire, alliant convivialit\u00e9 et libert\u00e9 tout en veillant \u00e0 impacter au minimum l\u2019environnement.<\/div>\n<div>\u00a0<\/div>\n<div class=\"_2cuy _3dgx _2vxa\">Pour r\u00e9sumer les valeurs et objectifs de BALTERNO! Production :<\/div>\n<div class=\"_2cuy _3dgx _2vxa\">* Propositions de spectacles de musiques actuelles dansantes et festives<br \/>* Convivialit\u00e9 et qualit\u00e9 d\u2019accueil<br \/>* \u00c9clectisme de genres<br \/>* D\u00e9cloisonnement des mouvements culturels musicaux et m\u00e9lange des publics<br \/>* Passerelle grand public \/ sc\u00e8ne alternative<br \/>* Soutien \u00e0 l\u2019\u00e9mergence d\u2019artistes<br \/>* Professionnalisation des acteurs<br \/>* Engagement pour la parit\u00e9 &amp; la correction des invisibilisations dans le monde des musiques actuelles (femmes, PSH\u2026)<br \/>* \u00c9co-responsabilit\u00e9 \/ \u00e9chelle humaine (choix de production, taille etc..)<br \/>* Mise en valeur de sites atypiques, urbains et p\u00e9riph\u00e9riques.<\/div>\n<div>\u00a0<\/div>\n<div class=\"_2cuy _3dgx _2vxa\">Nos partenaires:<\/div>\n<ul class=\"_5a_q _5yj1\" dir=\"ltr\">\n<li class=\"_2cuy _509q _2vxa\">Ville de B\u00e8gles<\/li>\n<li class=\"_2cuy _509q _2vxa\">Ville de Bordeaux<\/li>\n<li class=\"_2cuy _509q _2vxa\">Conseil d\u00e9partemental de Gironde<\/li>\n<li class=\"_2cuy _509q _2vxa\">IDDAC<\/li>\n<li class=\"_2cuy _509q _2vxa\">Cabinet Musical Larsene<\/li>\n<\/ul>\n<\/div>\n<\/div>\n<\/div>\n<\/div><\/div>\n","protected":false},"excerpt":{"rendered":"<p>BALTERNO PRODUCTION \u00a0 \u00a0 \u00c9V\u00c8NEMENTS CULTURELS FESTIFS &#8211; B\u00e8gles et Bordeaux M\u00e9tropole \u00a0 L\u2019association Alphonse Prod, organisatrice du festival Balterno!, des bals Foutrack Deluxe et de nombreux \u00e9v\u00e8nements musicaux \u00e0 Bordeaux et B\u00e8gles ces derni\u00e8res ann\u00e9es devient BALTERNO! PRODUCTION \u00a0 M\u00eame \u00e9quipe, m\u00eames objectifs, Balterno! Production reprend le nom du festival principal de la structure &hellip; <\/p>\n<p class=\"link-more\"><a href=\"https:\/\/balterno-production.fr\/?page_id=13\" class=\"more-link\">Continuer la lecture<span class=\"screen-reader-text\"> de &laquo;&nbsp;Qui sommes-nous ?&nbsp;&raquo;<\/span><\/a><\/p>\n","protected":false},"author":1,"featured_media":0,"parent":0,"menu_order":0,"comment_status":"closed","ping_status":"closed","template":"","meta":{"footnotes":""},"class_list":["post-13","page","type-page","status-publish","hentry"],"_links":{"self":[{"href":"https:\/\/balterno-production.fr\/index.php?rest_route=\/wp\/v2\/pages\/13","targetHints":{"allow":["GET"]}}],"collection":[{"href":"https:\/\/balterno-production.fr\/index.php?rest_route=\/wp\/v2\/pages"}],"about":[{"href":"https:\/\/balterno-production.fr\/index.php?rest_route=\/wp\/v2\/types\/page"}],"author":[{"embeddable":true,"href":"https:\/\/balterno-production.fr\/index.php?rest_route=\/wp\/v2\/users\/1"}],"replies":[{"embeddable":true,"href":"https:\/\/balterno-production.fr\/index.php?rest_route=%2Fwp%2Fv2%2Fcomments&post=13"}],"version-history":[{"count":17,"href":"https:\/\/balterno-production.fr\/index.php?rest_route=\/wp\/v2\/pages\/13\/revisions"}],"predecessor-version":[{"id":169,"href":"https:\/\/balterno-production.fr\/index.php?rest_route=\/wp\/v2\/pages\/13\/revisions\/169"}],"wp:attachment":[{"href":"https:\/\/balterno-production.fr\/index.php?rest_route=%2Fwp%2Fv2%2Fmedia&parent=13"}],"curies":[{"name":"wp","href":"https:\/\/api.w.org\/{rel}","templated":true}]}}