{"id":9,"date":"2020-06-10T10:06:52","date_gmt":"2020-06-10T08:06:52","guid":{"rendered":"http:\/\/balterno-production.fr\/?page_id=9"},"modified":"2025-08-28T11:24:48","modified_gmt":"2025-08-28T09:24:48","slug":"accueil","status":"publish","type":"page","link":"https:\/\/balterno-production.fr\/","title":{"rendered":"Accueil"},"content":{"rendered":"<p>Bienvenue sur le site de Balterno! Production, association productrice d&rsquo;\u00e9v\u00e9nements festifs culturels \u00e0 Bordeaux, B\u00e8gles et la m\u00e9tropole Bordelaise.<\/p>\n<p><iframe loading=\"lazy\" title=\"AFTERMOVIE FESTIVAL BALTERNO! 2024\" width=\"525\" height=\"295\" src=\"https:\/\/www.youtube.com\/embed\/nApok2ZWusU?feature=oembed\" frameborder=\"0\" allow=\"accelerometer; autoplay; clipboard-write; encrypted-media; gyroscope; picture-in-picture; web-share\" referrerpolicy=\"strict-origin-when-cross-origin\" allowfullscreen><\/iframe><\/p>\n","protected":false},"excerpt":{"rendered":"<p>Bienvenue sur le site de Balterno! Production, association productrice d&rsquo;\u00e9v\u00e9nements festifs culturels \u00e0 Bordeaux, B\u00e8gles et la m\u00e9tropole Bordelaise.<\/p>\n","protected":false},"author":1,"featured_media":0,"parent":0,"menu_order":0,"comment_status":"closed","ping_status":"closed","template":"","meta":{"footnotes":""},"class_list":["post-9","page","type-page","status-publish","hentry"],"_links":{"self":[{"href":"https:\/\/balterno-production.fr\/index.php?rest_route=\/wp\/v2\/pages\/9","targetHints":{"allow":["GET"]}}],"collection":[{"href":"https:\/\/balterno-production.fr\/index.php?rest_route=\/wp\/v2\/pages"}],"about":[{"href":"https:\/\/balterno-production.fr\/index.php?rest_route=\/wp\/v2\/types\/page"}],"author":[{"embeddable":true,"href":"https:\/\/balterno-production.fr\/index.php?rest_route=\/wp\/v2\/users\/1"}],"replies":[{"embeddable":true,"href":"https:\/\/balterno-production.fr\/index.php?rest_route=%2Fwp%2Fv2%2Fcomments&post=9"}],"version-history":[{"count":6,"href":"https:\/\/balterno-production.fr\/index.php?rest_route=\/wp\/v2\/pages\/9\/revisions"}],"predecessor-version":[{"id":171,"href":"https:\/\/balterno-production.fr\/index.php?rest_route=\/wp\/v2\/pages\/9\/revisions\/171"}],"wp:attachment":[{"href":"https:\/\/balterno-production.fr\/index.php?rest_route=%2Fwp%2Fv2%2Fmedia&parent=9"}],"curies":[{"name":"wp","href":"https:\/\/api.w.org\/{rel}","templated":true}]}}